{"id":2,"date":"2023-11-27T21:28:08","date_gmt":"2023-11-27T18:28:08","guid":{"rendered":"https:\/\/seymaonat.com.tr\/?page_id=2"},"modified":"2023-12-08T16:47:10","modified_gmt":"2023-12-08T13:47:10","slug":"iletisim","status":"publish","type":"page","link":"https:\/\/seymaonat.av.tr\/index.php\/iletisim\/","title":{"rendered":"\u0130LET\u0130\u015e\u0130M"},"content":{"rendered":"\n<blockquote class=\"wp-block-quote is-layout-flow wp-block-quote-is-layout-flow\">\n<p><strong>Orhanbey Mh. atat\u00fcrk Cd. No: 39 Koruyucu \u0130\u015f Han\u0131 Kat:4 \/ 427 Osmangazi \/ BURSA<\/strong><\/p>\n<\/blockquote>\n\n\n\n<p><\/p>\n\n\n\n<blockquote class=\"wp-block-quote is-layout-flow wp-block-quote-is-layout-flow\">\n<p><strong>info@seymaonat.av.tr<\/strong><\/p>\n<\/blockquote>\n\n\n\n<blockquote class=\"wp-block-quote is-layout-flow wp-block-quote-is-layout-flow\">\n<p><strong>0541 945 03 40<\/strong><\/p>\n<\/blockquote>\n\n\n\n<p>  <\/p>\n\n\n\n<iframe src=\"https:\/\/www.google.com\/maps\/embed?pb=!1m18!1m12!1m3!1d190.51078952359182!2d29.064983304146317!3d40.182971427807445!2m3!1f0!2f0!3f0!3m2!1i1024!2i768!4f13.1!3m3!1m2!1s0x14ca3dd62ad24eb7%3A0x8b469614393229f4!2sAvukat%20%C5%9Eeyma%20Onat!5e0!3m2!1str!2str!4v1702043444334!5m2!1str!2str\" width=\"800\" height=\"450\" style=\"border:0;\" allowfullscreen=\"\" loading=\"lazy\" referrerpolicy=\"no-referrer-when-downgrade\"><\/iframe>\n","protected":false},"excerpt":{"rendered":"<p>Orhanbey Mh. atat\u00fcrk Cd. No: 39 Koruyucu \u0130\u015f Han\u0131 Kat:4 \/ 427 Osmangazi \/ BURSA info@seymaonat.av.tr 0541 945 03 40<\/p>\n","protected":false},"author":1,"featured_media":0,"parent":0,"menu_order":0,"comment_status":"closed","ping_status":"closed","template":"","meta":{"_joinchat":[],"footnotes":""},"class_list":["post-2","page","type-page","status-publish","hentry"],"_links":{"self":[{"href":"https:\/\/seymaonat.av.tr\/index.php\/wp-json\/wp\/v2\/pages\/2","targetHints":{"allow":["GET"]}}],"collection":[{"href":"https:\/\/seymaonat.av.tr\/index.php\/wp-json\/wp\/v2\/pages"}],"about":[{"href":"https:\/\/seymaonat.av.tr\/index.php\/wp-json\/wp\/v2\/types\/page"}],"author":[{"embeddable":true,"href":"https:\/\/seymaonat.av.tr\/index.php\/wp-json\/wp\/v2\/users\/1"}],"replies":[{"embeddable":true,"href":"https:\/\/seymaonat.av.tr\/index.php\/wp-json\/wp\/v2\/comments?post=2"}],"version-history":[{"count":13,"href":"https:\/\/seymaonat.av.tr\/index.php\/wp-json\/wp\/v2\/pages\/2\/revisions"}],"predecessor-version":[{"id":84,"href":"https:\/\/seymaonat.av.tr\/index.php\/wp-json\/wp\/v2\/pages\/2\/revisions\/84"}],"wp:attachment":[{"href":"https:\/\/seymaonat.av.tr\/index.php\/wp-json\/wp\/v2\/media?parent=2"}],"curies":[{"name":"wp","href":"https:\/\/api.w.org\/{rel}","templated":true}]}}